{"id":45,"date":"2025-03-05T15:50:03","date_gmt":"2025-03-05T15:50:03","guid":{"rendered":"https:\/\/alte-kelter-winnenden.de\/?page_id=45"},"modified":"2025-07-15T13:38:15","modified_gmt":"2025-07-15T13:38:15","slug":"willkommen","status":"publish","type":"page","link":"https:\/\/alte-kelter-winnenden.de\/willkommen\/","title":{"rendered":"Herzlich willkommen &#8230;"},"content":{"rendered":"\n<p><\/p>\n\n\n\n<p>\u2026 auf der Internetseite der Alten Kelter Winnenden. <\/p>\n\n\n\n<p><strong>Kultur, Bildung, Zukunft<\/strong> sind die Themen der Kelter.<\/p>\n\n\n\n<p>Konzerte, Theater und Autorenlesungen sind unsere <strong>Kulturprojekte, <\/strong>und dazu geh\u00f6ren auch monatlich ein Mitsingclub mit eigener Band und Liedern in deutscher Sprache sowie ein Folk Club mit Liedern zum Mitsingen in englischer Sprache.<\/p>\n\n\n\n<p><strong>Bildung<\/strong> bedeutet in der Kelter: Vortr\u00e4ge, Schulveranstaltungen und \u2013 ganz wichtig \u2013 drei Mal pro Woche Deutschtraining f\u00fcr Migrantinnen und Migranten.<\/p>\n\n\n\n<p>Unsere <strong>Zukunft <\/strong>pflegen wir, indem wir nachhaltig leben und arbeiten, das Geb\u00e4ude Alte Kelter erhalten und mit Leben f\u00fcllen, Ressourcen schonen, den Strom, wenn es geht, aus unserer Photovoltaik beziehen, regelm\u00e4\u00dfig das Repaircaf\u00e9 zu Gast haben, den gr\u00f6\u00dften B\u00fccherflohmarkt der Region betreiben und darin auch einzeln von Hand gen\u00e4hte Taschen aus Recyclingstoffen anbieten.<\/p>\n\n\n\n<p>Die Alte Kelter lebt von ihrem F\u00f6rderverein, davon, dass \u00fcber 300 Mitglieder den Verein finanziell st\u00fctzen, dass um die 50 Mitglieder mit Wort und Tat f\u00fcr den Verein arbeiten und davon, dass die Stadt Winnenden dem Verein das Geb\u00e4ude mietfrei \u00fcberl\u00e4sst.<\/p>\n\n\n\n<p><\/p>\n","protected":false},"excerpt":{"rendered":"<p>\u2026 auf der Internetseite der Alten Kelter Winnenden. Kultur, Bildung, Zukunft sind die Themen der Kelter. Konzerte, Theater und Autorenlesungen sind unsere Kulturprojekte, und dazu geh\u00f6ren auch monatlich ein Mitsingclub [&hellip;]<\/p>\n","protected":false},"author":1,"featured_media":444,"parent":0,"menu_order":0,"comment_status":"closed","ping_status":"closed","template":"","meta":{"_EventAllDay":false,"_EventTimezone":"","_EventStartDate":"","_EventEndDate":"","_EventStartDateUTC":"","_EventEndDateUTC":"","_EventShowMap":false,"_EventShowMapLink":false,"_EventURL":"","_EventCost":"","_EventCostDescription":"","_EventCurrencySymbol":"","_EventCurrencyCode":"","_EventCurrencyPosition":"","_EventDateTimeSeparator":"","_EventTimeRangeSeparator":"","_EventOrganizerID":[],"_EventVenueID":[],"_OrganizerEmail":"","_OrganizerPhone":"","_OrganizerWebsite":"","_VenueAddress":"","_VenueCity":"","_VenueCountry":"","_VenueProvince":"","_VenueState":"","_VenueZip":"","_VenuePhone":"","_VenueURL":"","_VenueStateProvince":"","_VenueLat":"","_VenueLng":"","_VenueShowMap":false,"_VenueShowMapLink":false,"_tribe_blocks_recurrence_rules":"","_tribe_blocks_recurrence_description":"","_tribe_blocks_recurrence_exclusions":"","footnotes":""},"class_list":["post-45","page","type-page","status-publish","has-post-thumbnail","hentry"],"_links":{"self":[{"href":"https:\/\/alte-kelter-winnenden.de\/willkommen\/wp-json\/wp\/v2\/pages\/45","targetHints":{"allow":["GET"]}}],"collection":[{"href":"https:\/\/alte-kelter-winnenden.de\/willkommen\/wp-json\/wp\/v2\/pages"}],"about":[{"href":"https:\/\/alte-kelter-winnenden.de\/willkommen\/wp-json\/wp\/v2\/types\/page"}],"author":[{"embeddable":true,"href":"https:\/\/alte-kelter-winnenden.de\/willkommen\/wp-json\/wp\/v2\/users\/1"}],"replies":[{"embeddable":true,"href":"https:\/\/alte-kelter-winnenden.de\/willkommen\/wp-json\/wp\/v2\/comments?post=45"}],"version-history":[{"count":6,"href":"https:\/\/alte-kelter-winnenden.de\/willkommen\/wp-json\/wp\/v2\/pages\/45\/revisions"}],"predecessor-version":[{"id":626,"href":"https:\/\/alte-kelter-winnenden.de\/willkommen\/wp-json\/wp\/v2\/pages\/45\/revisions\/626"}],"wp:featuredmedia":[{"embeddable":true,"href":"https:\/\/alte-kelter-winnenden.de\/willkommen\/wp-json\/wp\/v2\/media\/444"}],"wp:attachment":[{"href":"https:\/\/alte-kelter-winnenden.de\/willkommen\/wp-json\/wp\/v2\/media?parent=45"}],"curies":[{"name":"wp","href":"https:\/\/api.w.org\/{rel}","templated":true}]}}