{"id":160,"date":"2025-03-06T10:14:19","date_gmt":"2025-03-06T10:14:19","guid":{"rendered":"https:\/\/alte-kelter-winnenden.de\/?page_id=160"},"modified":"2025-07-21T08:49:29","modified_gmt":"2025-07-21T08:49:29","slug":"foerderverein","status":"publish","type":"page","link":"https:\/\/alte-kelter-winnenden.de\/willkommen\/foerderverein\/","title":{"rendered":"F\u00f6rderverein Alte Kelter Winnenden"},"content":{"rendered":"\n<p>Nachdem die Weing\u00e4rtnergenosschaft Winnenden in den 1990er-Jahren die alte Kelter verlie\u00df und in einen Neubau umzog, machte sich der <strong>F\u00f6rderverein Alte Kelter e.V.<\/strong> unmittelbar an die Arbeit, den alten Funktionsbau in der Paulinenstra\u00dfe zu erhalten.<\/p>\n\n\n\n<figure class=\"wp-block-image size-large\"><img loading=\"lazy\" decoding=\"async\" width=\"1024\" height=\"329\" src=\"https:\/\/alte-kelter-winnenden.de\/wp-content\/uploads\/2025\/03\/Alte_Kelter_Winnenden_Juni_2012-1024x329.jpg\" alt=\"Alte Kelter Winnenden \u00b7 2012\" class=\"wp-image-165\" srcset=\"https:\/\/alte-kelter-winnenden.de\/wp-content\/uploads\/2025\/03\/Alte_Kelter_Winnenden_Juni_2012-1024x329.jpg 1024w, https:\/\/alte-kelter-winnenden.de\/wp-content\/uploads\/2025\/03\/Alte_Kelter_Winnenden_Juni_2012-300x96.jpg 300w, https:\/\/alte-kelter-winnenden.de\/wp-content\/uploads\/2025\/03\/Alte_Kelter_Winnenden_Juni_2012-768x247.jpg 768w, https:\/\/alte-kelter-winnenden.de\/wp-content\/uploads\/2025\/03\/Alte_Kelter_Winnenden_Juni_2012.jpg 1146w\" sizes=\"auto, (max-width: 1024px) 100vw, 1024px\" \/><figcaption class=\"wp-element-caption\">Alte Kelter Winnenden \u00b7 2012<\/figcaption><\/figure>\n\n\n\n<p>Das historische Geb\u00e4ude liegt zum Stadtgarten hin gegen\u00fcber von den Schlossanlagen am Ende der Paulinenstra\u00dfe, neben den Georg-B\u00fcchner-Gymnasium.<\/p>\n\n\n\n<p><a href=\"https:\/\/alte-kelter-winnenden.de\/wp-content\/uploads\/2025\/03\/Geschichte_Alte_Kelter.pdf\" data-type=\"attachment\" data-id=\"163\" target=\"_blank\" rel=\"noreferrer noopener\">&gt;&gt;&gt; Brosch\u00fcre im Format PDF:<br>Geschichte des F\u00f6rdervereins in der Alten Kelter Winnenden<\/a><\/p>\n\n\n\n<p>Der F\u00f6rderverein Alte Kelter Winnenden hat das Geb\u00e4ude mit gro\u00dfem b\u00fcrgerschaftlichem Engagement und der Unterst\u00fctzung der Stadt Winnenden und zahlreichen Spender, Spenderinnen und Winnender Firmen und Handwerker f\u00fcr kulturelle Zwecke hergerichtet. Seit 2012 betreiben wir zus\u00e4tzlich zum Veranstaltungsraum im gegen\u00fcberliegenden Trakt einen Theatersaal.<\/p>\n\n\n\n<figure class=\"wp-block-image size-large\"><img loading=\"lazy\" decoding=\"async\" width=\"1024\" height=\"329\" src=\"https:\/\/alte-kelter-winnenden.de\/wp-content\/uploads\/2025\/03\/Theater_Alte_Kelter_Winnenden-1024x329.jpg\" alt=\"Alte Kelter Winnenden \u00b7 Theatersaal\" class=\"wp-image-166\" srcset=\"https:\/\/alte-kelter-winnenden.de\/wp-content\/uploads\/2025\/03\/Theater_Alte_Kelter_Winnenden-1024x329.jpg 1024w, https:\/\/alte-kelter-winnenden.de\/wp-content\/uploads\/2025\/03\/Theater_Alte_Kelter_Winnenden-300x96.jpg 300w, https:\/\/alte-kelter-winnenden.de\/wp-content\/uploads\/2025\/03\/Theater_Alte_Kelter_Winnenden-768x247.jpg 768w, https:\/\/alte-kelter-winnenden.de\/wp-content\/uploads\/2025\/03\/Theater_Alte_Kelter_Winnenden.jpg 1146w\" sizes=\"auto, (max-width: 1024px) 100vw, 1024px\" \/><figcaption class=\"wp-element-caption\">Alte Kelter Winnenden \u00b7 Theatersaal<\/figcaption><\/figure>\n\n\n\n<p>Mit unserem&nbsp;<a href=\"https:\/\/alte-kelter-winnenden.de\/buecherflohmarkt\/\" data-type=\"page\" data-id=\"119\">&gt;&gt;&gt; B\u00fccherflohmarkt<\/a>&nbsp;in den Sommermonaten tragen wir zur Finanzierung unserer Arbeit bei.&nbsp;<\/p>\n\n\n\n<p>Verein und Schulen nutzen den gro\u00dfen Saal der im Bildungszentrum gelegenen Alten Kelter. Unseren Mitgliedern steht der Raum f\u00fcr private und \u00f6ffentliche Veranstaltungen gegen Geb\u00fchr zur Verf\u00fcgung.<\/p>\n\n\n\n<p><strong>Der Vorstand<\/strong><\/p>\n\n\n\n<ul class=\"wp-block-list\">\n<li>Martin Keller <a href=\"mailto:martin.keller@alte-kelter-winnenden.de\" target=\"_blank\" rel=\"noreferrer noopener\">martin.keller@alte-kelter-winnenden.de<\/a><\/li>\n\n\n\n<li>Martin Schmitzer <a href=\"mailto:martin.schmitzer@alte-kelter-winnenden.de\" target=\"_blank\" rel=\"noreferrer noopener\">martin.schmitzer@alte-kelter-winnenden.de<\/a><\/li>\n\n\n\n<li>Martin Baier <a href=\"mailto:martin.baier@alte-kelter-winnenden.de\" target=\"_blank\" rel=\"noreferrer noopener\">martin.baier@alte-kelter-winnenden.de<\/a><\/li>\n<\/ul>\n\n\n\n<p><strong>Schatzmeister<\/strong><\/p>\n\n\n\n<ul class=\"wp-block-list\">\n<li>Ralf Bauder <a href=\"mailto:finanzen@alte-kelter-winnenden.de\" target=\"_blank\" rel=\"noreferrer noopener\">finanzen@alte-kelter-winnenden.de<\/a><\/li>\n<\/ul>\n\n\n\n<h3 class=\"wp-block-heading\"><strong>Ehrenmitglieder im F\u00f6rderverein Alte Kelter<\/strong><\/h3>\n\n\n\n<ul class=\"wp-block-list\">\n<li>Heinz Egner (verstorben)<\/li>\n\n\n\n<li>Heidi Halagah<\/li>\n\n\n\n<li>Ernst Kl\u00f6pfer (verstorben)<\/li>\n\n\n\n<li>Roland Luikh<\/li>\n\n\n\n<li>Gudrun Obleser<\/li>\n\n\n\n<li>Heidi Schilling (verstorben)<\/li>\n\n\n\n<li>Volker Schweickhardt<\/li>\n\n\n\n<li>Heiner Tressl<\/li>\n<\/ul>\n\n\n\n<div data-wp-interactive=\"core\/file\" class=\"wp-block-file\"><object data-wp-bind--hidden=\"!state.hasPdfPreview\" hidden class=\"wp-block-file__embed\" data=\"https:\/\/alte-kelter-winnenden.de\/wp-content\/uploads\/2025\/03\/FV_A_Kelter_Aufnahmeantrag_2024_05.pdf\" type=\"application\/pdf\" style=\"width:100%;height:600px\" aria-label=\"Einbettung von FV_A_Kelter_Aufnahmeantrag_2024_05.\"><\/object><a id=\"wp-block-file--media-5b0e70a7-7c43-4cdb-98fe-a8a03eb1c556\" href=\"https:\/\/alte-kelter-winnenden.de\/wp-content\/uploads\/2025\/03\/FV_A_Kelter_Aufnahmeantrag_2024_05.pdf\">FV_A_Kelter_Aufnahmeantrag_2024_05<\/a><a href=\"https:\/\/alte-kelter-winnenden.de\/wp-content\/uploads\/2025\/03\/FV_A_Kelter_Aufnahmeantrag_2024_05.pdf\" class=\"wp-block-file__button wp-element-button\" download aria-describedby=\"wp-block-file--media-5b0e70a7-7c43-4cdb-98fe-a8a03eb1c556\">Herunterladen<\/a><\/div>\n\n\n\n<figure class=\"wp-block-image size-large\"><img loading=\"lazy\" decoding=\"async\" width=\"1024\" height=\"823\" src=\"https:\/\/alte-kelter-winnenden.de\/wp-content\/uploads\/2025\/03\/alte_kelter_winnenden_1905-1024x823.jpg\" alt=\"Alte Kelter Winnenden \u00b7 1905\" class=\"wp-image-239\" srcset=\"https:\/\/alte-kelter-winnenden.de\/wp-content\/uploads\/2025\/03\/alte_kelter_winnenden_1905-1024x823.jpg 1024w, https:\/\/alte-kelter-winnenden.de\/wp-content\/uploads\/2025\/03\/alte_kelter_winnenden_1905-300x241.jpg 300w, https:\/\/alte-kelter-winnenden.de\/wp-content\/uploads\/2025\/03\/alte_kelter_winnenden_1905-768x617.jpg 768w, https:\/\/alte-kelter-winnenden.de\/wp-content\/uploads\/2025\/03\/alte_kelter_winnenden_1905.jpg 1280w\" sizes=\"auto, (max-width: 1024px) 100vw, 1024px\" \/><figcaption class=\"wp-element-caption\">Alte Kelter Winnenden \u00b7 1905<\/figcaption><\/figure>\n","protected":false},"excerpt":{"rendered":"<p>Nachdem die Weing\u00e4rtnergenosschaft Winnenden in den 1990er-Jahren die alte Kelter verlie\u00df und in einen Neubau umzog, machte sich der F\u00f6rderverein Alte Kelter e.V. unmittelbar an die Arbeit, den alten Funktionsbau [&hellip;]<\/p>\n","protected":false},"author":1,"featured_media":0,"parent":0,"menu_order":0,"comment_status":"closed","ping_status":"closed","template":"","meta":{"_EventAllDay":false,"_EventTimezone":"","_EventStartDate":"","_EventEndDate":"","_EventStartDateUTC":"","_EventEndDateUTC":"","_EventShowMap":false,"_EventShowMapLink":false,"_EventURL":"","_EventCost":"","_EventCostDescription":"","_EventCurrencySymbol":"","_EventCurrencyCode":"","_EventCurrencyPosition":"","_EventDateTimeSeparator":"","_EventTimeRangeSeparator":"","_EventOrganizerID":[],"_EventVenueID":[],"_OrganizerEmail":"","_OrganizerPhone":"","_OrganizerWebsite":"","_VenueAddress":"","_VenueCity":"","_VenueCountry":"","_VenueProvince":"","_VenueState":"","_VenueZip":"","_VenuePhone":"","_VenueURL":"","_VenueStateProvince":"","_VenueLat":"","_VenueLng":"","_VenueShowMap":false,"_VenueShowMapLink":false,"_tribe_blocks_recurrence_rules":"","_tribe_blocks_recurrence_description":"","_tribe_blocks_recurrence_exclusions":"","footnotes":""},"class_list":["post-160","page","type-page","status-publish","hentry"],"_links":{"self":[{"href":"https:\/\/alte-kelter-winnenden.de\/willkommen\/wp-json\/wp\/v2\/pages\/160","targetHints":{"allow":["GET"]}}],"collection":[{"href":"https:\/\/alte-kelter-winnenden.de\/willkommen\/wp-json\/wp\/v2\/pages"}],"about":[{"href":"https:\/\/alte-kelter-winnenden.de\/willkommen\/wp-json\/wp\/v2\/types\/page"}],"author":[{"embeddable":true,"href":"https:\/\/alte-kelter-winnenden.de\/willkommen\/wp-json\/wp\/v2\/users\/1"}],"replies":[{"embeddable":true,"href":"https:\/\/alte-kelter-winnenden.de\/willkommen\/wp-json\/wp\/v2\/comments?post=160"}],"version-history":[{"count":13,"href":"https:\/\/alte-kelter-winnenden.de\/willkommen\/wp-json\/wp\/v2\/pages\/160\/revisions"}],"predecessor-version":[{"id":522,"href":"https:\/\/alte-kelter-winnenden.de\/willkommen\/wp-json\/wp\/v2\/pages\/160\/revisions\/522"}],"wp:attachment":[{"href":"https:\/\/alte-kelter-winnenden.de\/willkommen\/wp-json\/wp\/v2\/media?parent=160"}],"curies":[{"name":"wp","href":"https:\/\/api.w.org\/{rel}","templated":true}]}}