{"id":126,"date":"2025-03-06T06:54:20","date_gmt":"2025-03-06T06:54:20","guid":{"rendered":"https:\/\/alte-kelter-winnenden.de\/?page_id=126"},"modified":"2025-10-17T22:23:23","modified_gmt":"2025-10-17T22:23:23","slug":"kontakt","status":"publish","type":"page","link":"https:\/\/alte-kelter-winnenden.de\/willkommen\/kontakt\/","title":{"rendered":"Kontakt"},"content":{"rendered":"\n<p class=\"is-style-default\"><strong>F\u00f6rderverein<br>Alte Kelter e. V.<br><\/strong>Martin Keller<br>Robert-Boehringer-Str. 10<br>71364 Winnenden<br><a href=\"mailto:post@alte-kelter-winnenden.de\">post@alte-kelter-winnenden.de<\/a><\/p>\n\n\n\n<p><strong>Alte Kelter<br>Winnenden<\/strong><br>Paulinenstra\u00dfe 33<br>71364 Winnenden<\/p>\n\n\n\n<p>Mitglieder, die einen unserer R\u00e4ume mieten wollen<\/p>\n\n\n\n<p> klicken bitte hier:<\/p>\n\n\n\n<p><strong><a href=\"mailto:vermietungen@alte-kelter-winnenden.de\">Vermietungen<\/a><\/strong><\/p>\n\n\n\n<p>Fragen zum B\u00fccherflohmarkt stellen sie bitte hier:<\/p>\n\n\n\n<p><strong><a href=\"mailto:finanzen@alte-kelter-winnenden.de\">B\u00fccherflohmarkt<\/a><\/strong><\/p>\n\n\n\n<p><\/p>\n\n\n\n<p><\/p>\n","protected":false},"excerpt":{"rendered":"<p>F\u00f6rdervereinAlte Kelter e. V.Martin KellerRobert-Boehringer-Str. 1071364 Winnendenpost@alte-kelter-winnenden.de Alte KelterWinnendenPaulinenstra\u00dfe 3371364 Winnenden Mitglieder, die einen unserer R\u00e4ume mieten wollen klicken bitte hier: Vermietungen Fragen zum B\u00fccherflohmarkt stellen sie bitte hier: B\u00fccherflohmarkt<\/p>\n","protected":false},"author":1,"featured_media":0,"parent":0,"menu_order":0,"comment_status":"closed","ping_status":"closed","template":"","meta":{"_EventAllDay":false,"_EventTimezone":"","_EventStartDate":"","_EventEndDate":"","_EventStartDateUTC":"","_EventEndDateUTC":"","_EventShowMap":false,"_EventShowMapLink":false,"_EventURL":"","_EventCost":"","_EventCostDescription":"","_EventCurrencySymbol":"","_EventCurrencyCode":"","_EventCurrencyPosition":"","_EventDateTimeSeparator":"","_EventTimeRangeSeparator":"","_EventOrganizerID":[],"_EventVenueID":[],"_OrganizerEmail":"","_OrganizerPhone":"","_OrganizerWebsite":"","_VenueAddress":"","_VenueCity":"","_VenueCountry":"","_VenueProvince":"","_VenueState":"","_VenueZip":"","_VenuePhone":"","_VenueURL":"","_VenueStateProvince":"","_VenueLat":"","_VenueLng":"","_VenueShowMap":false,"_VenueShowMapLink":false,"_tribe_blocks_recurrence_rules":"","_tribe_blocks_recurrence_description":"","_tribe_blocks_recurrence_exclusions":"","footnotes":""},"class_list":["post-126","page","type-page","status-publish","hentry"],"_links":{"self":[{"href":"https:\/\/alte-kelter-winnenden.de\/willkommen\/wp-json\/wp\/v2\/pages\/126","targetHints":{"allow":["GET"]}}],"collection":[{"href":"https:\/\/alte-kelter-winnenden.de\/willkommen\/wp-json\/wp\/v2\/pages"}],"about":[{"href":"https:\/\/alte-kelter-winnenden.de\/willkommen\/wp-json\/wp\/v2\/types\/page"}],"author":[{"embeddable":true,"href":"https:\/\/alte-kelter-winnenden.de\/willkommen\/wp-json\/wp\/v2\/users\/1"}],"replies":[{"embeddable":true,"href":"https:\/\/alte-kelter-winnenden.de\/willkommen\/wp-json\/wp\/v2\/comments?post=126"}],"version-history":[{"count":9,"href":"https:\/\/alte-kelter-winnenden.de\/willkommen\/wp-json\/wp\/v2\/pages\/126\/revisions"}],"predecessor-version":[{"id":622,"href":"https:\/\/alte-kelter-winnenden.de\/willkommen\/wp-json\/wp\/v2\/pages\/126\/revisions\/622"}],"wp:attachment":[{"href":"https:\/\/alte-kelter-winnenden.de\/willkommen\/wp-json\/wp\/v2\/media?parent=126"}],"curies":[{"name":"wp","href":"https:\/\/api.w.org\/{rel}","templated":true}]}}