{"id":119,"date":"2025-03-06T06:36:47","date_gmt":"2025-03-06T06:36:47","guid":{"rendered":"https:\/\/alte-kelter-winnenden.de\/?page_id=119"},"modified":"2025-07-22T13:14:30","modified_gmt":"2025-07-22T13:14:30","slug":"buecherflohmarkt","status":"publish","type":"page","link":"https:\/\/alte-kelter-winnenden.de\/willkommen\/buecherflohmarkt\/","title":{"rendered":"B\u00fccherflohmarkt"},"content":{"rendered":"\n<figure class=\"wp-block-image size-large\"><img loading=\"lazy\" decoding=\"async\" width=\"1024\" height=\"329\" src=\"https:\/\/alte-kelter-winnenden.de\/wp-content\/uploads\/2025\/03\/Alte_Kelter_Winnenden_Buecherflohmarkt-1024x329.jpg\" alt=\"B\u00fccherflohmarkt Alte Kelter Winnenden\" class=\"wp-image-124\" srcset=\"https:\/\/alte-kelter-winnenden.de\/wp-content\/uploads\/2025\/03\/Alte_Kelter_Winnenden_Buecherflohmarkt-1024x329.jpg 1024w, https:\/\/alte-kelter-winnenden.de\/wp-content\/uploads\/2025\/03\/Alte_Kelter_Winnenden_Buecherflohmarkt-300x96.jpg 300w, https:\/\/alte-kelter-winnenden.de\/wp-content\/uploads\/2025\/03\/Alte_Kelter_Winnenden_Buecherflohmarkt-768x247.jpg 768w, https:\/\/alte-kelter-winnenden.de\/wp-content\/uploads\/2025\/03\/Alte_Kelter_Winnenden_Buecherflohmarkt.jpg 1146w\" sizes=\"auto, (max-width: 1024px) 100vw, 1024px\" \/><\/figure>\n\n\n\n<p>Im Mittelteil der Alten Kelter erwartet Sie in rustikalem Ambiente einer der gr\u00f6\u00dften B\u00fccherflohm\u00e4rkte der Region. St\u00f6bern Sie in unserem reichhaltigen Angebot: vom Kinderbuch bis zu den Klassikern der Weltliteratur ist alles dabei. Zus\u00e4tzlich finden Sie auch Schallplatten, CD&#8217;s, DVD&#8217;s, einige H\u00f6rb\u00fccher und einige Gesellschaftsspiele.<\/p>\n\n\n\n<p>Gut erhaltene B\u00fccher d\u00fcrfen Sie gerne als Spende bei uns abgeben, mit einer Ausnahme: die gute alte Lexikon-Reihe wird auch bei uns nicht mehr nachgefragt. Mit Ihrer B\u00fccherspende unterst\u00fctzen Sie unsere gemeinn\u00fctzige Arbeit. Wir subventionieren damit die kulturellen Auftritte im Theater und den kostenlosen Deutschunterricht.<\/p>\n\n\n\n<p>Wir haben von Anfang M\u00e4rz bis Ende November jeden Samstag von 10 bis 16 Uhr f\u00fcr Sie ge\u00f6ffnet.<\/p>\n\n\n\n<p>Wir freuen uns auf Ihren Besuch!<\/p>\n\n\n\n<p>Ralf Bauder<br>Schatzmeister<br>F\u00f6rderverein Alte Kelter Winnenden e.V.<\/p>\n\n\n\n<p>Kontakt: <a href=\"finanzen@alte-kelter-winnenden.de\">finanzen@alte-kelter-winnenden.de<\/a><\/p>\n\n\n\n<figure class=\"wp-block-image size-large\"><img loading=\"lazy\" decoding=\"async\" width=\"1024\" height=\"765\" src=\"https:\/\/alte-kelter-winnenden.de\/wp-content\/uploads\/2025\/03\/Buecherflohmarkt_Alte_Kelter_Winnenden-1024x765.jpg\" alt=\"B\u00fccherflohmarkt Alte Kelter Winnenden\" class=\"wp-image-122\" srcset=\"https:\/\/alte-kelter-winnenden.de\/wp-content\/uploads\/2025\/03\/Buecherflohmarkt_Alte_Kelter_Winnenden-1024x765.jpg 1024w, https:\/\/alte-kelter-winnenden.de\/wp-content\/uploads\/2025\/03\/Buecherflohmarkt_Alte_Kelter_Winnenden-300x224.jpg 300w, https:\/\/alte-kelter-winnenden.de\/wp-content\/uploads\/2025\/03\/Buecherflohmarkt_Alte_Kelter_Winnenden-768x574.jpg 768w, https:\/\/alte-kelter-winnenden.de\/wp-content\/uploads\/2025\/03\/Buecherflohmarkt_Alte_Kelter_Winnenden.jpg 1146w\" sizes=\"auto, (max-width: 1024px) 100vw, 1024px\" \/><figcaption class=\"wp-element-caption\">B\u00fccherflohmarkt Alte Kelter Winnenden<\/figcaption><\/figure>\n","protected":false},"excerpt":{"rendered":"<p>Im Mittelteil der Alten Kelter erwartet Sie in rustikalem Ambiente einer der gr\u00f6\u00dften B\u00fccherflohm\u00e4rkte der Region. St\u00f6bern Sie in unserem reichhaltigen Angebot: vom Kinderbuch bis zu den Klassikern der Weltliteratur [&hellip;]<\/p>\n","protected":false},"author":1,"featured_media":0,"parent":0,"menu_order":0,"comment_status":"closed","ping_status":"closed","template":"","meta":{"_EventAllDay":false,"_EventTimezone":"","_EventStartDate":"","_EventEndDate":"","_EventStartDateUTC":"","_EventEndDateUTC":"","_EventShowMap":false,"_EventShowMapLink":false,"_EventURL":"","_EventCost":"","_EventCostDescription":"","_EventCurrencySymbol":"","_EventCurrencyCode":"","_EventCurrencyPosition":"","_EventDateTimeSeparator":"","_EventTimeRangeSeparator":"","_EventOrganizerID":[],"_EventVenueID":[],"_OrganizerEmail":"","_OrganizerPhone":"","_OrganizerWebsite":"","_VenueAddress":"","_VenueCity":"","_VenueCountry":"","_VenueProvince":"","_VenueState":"","_VenueZip":"","_VenuePhone":"","_VenueURL":"","_VenueStateProvince":"","_VenueLat":"","_VenueLng":"","_VenueShowMap":false,"_VenueShowMapLink":false,"_tribe_blocks_recurrence_rules":"","_tribe_blocks_recurrence_description":"","_tribe_blocks_recurrence_exclusions":"","footnotes":""},"class_list":["post-119","page","type-page","status-publish","hentry"],"_links":{"self":[{"href":"https:\/\/alte-kelter-winnenden.de\/willkommen\/wp-json\/wp\/v2\/pages\/119","targetHints":{"allow":["GET"]}}],"collection":[{"href":"https:\/\/alte-kelter-winnenden.de\/willkommen\/wp-json\/wp\/v2\/pages"}],"about":[{"href":"https:\/\/alte-kelter-winnenden.de\/willkommen\/wp-json\/wp\/v2\/types\/page"}],"author":[{"embeddable":true,"href":"https:\/\/alte-kelter-winnenden.de\/willkommen\/wp-json\/wp\/v2\/users\/1"}],"replies":[{"embeddable":true,"href":"https:\/\/alte-kelter-winnenden.de\/willkommen\/wp-json\/wp\/v2\/comments?post=119"}],"version-history":[{"count":5,"href":"https:\/\/alte-kelter-winnenden.de\/willkommen\/wp-json\/wp\/v2\/pages\/119\/revisions"}],"predecessor-version":[{"id":524,"href":"https:\/\/alte-kelter-winnenden.de\/willkommen\/wp-json\/wp\/v2\/pages\/119\/revisions\/524"}],"wp:attachment":[{"href":"https:\/\/alte-kelter-winnenden.de\/willkommen\/wp-json\/wp\/v2\/media?parent=119"}],"curies":[{"name":"wp","href":"https:\/\/api.w.org\/{rel}","templated":true}]}}